{"id":6500,"date":"2021-05-14T13:07:08","date_gmt":"2021-05-14T11:07:08","guid":{"rendered":"http:\/\/wp.modernisator.de\/?page_id=6500"},"modified":"2023-07-11T18:03:46","modified_gmt":"2023-07-11T16:03:46","slug":"datenschutzerklaerung","status":"publish","type":"page","link":"https:\/\/learningconsultant.de\/en\/datenschutzerklaerung\/","title":{"rendered":"Privacy policy"},"content":{"rendered":"<div data-section-type=\"fullwidth-background\" data-image-type=\"none\" data-full-height=\"no\" class=\"eut-section\"><div class=\"eut-row eut-bookmark\"><div class=\"wpb_column eut-column eut-column-1\"><h3 class=\"eut-element eut-align-center eut-title-line pghead\" style=\"\"><span>Privacy policy<\/span><\/h3><div class=\"eut-element eut-text clbo\"><div class=\"clbo\"><strong>Privacy policy<\/strong><\/div>\n<div class=\"clbo\">We have written this privacy statement (version 09.01.2020-311141461) to explain to you, in accordance with the requirements of the General Data Protection Regulation (EU) 2016\/679, what information we collect, how we use data and what decision-making options you have as a visitor to this website.<\/div>\n<p>&nbsp;<\/p>\n<div class=\"clbo\">Unfortunately, it is in the nature of things that these explanations sound very technical, but we have tried to describe the most important things as simply and clearly as possible when creating them.<\/div>\n<p>&nbsp;<\/p>\n<div class=\"clbo\"><strong>Automatic data storage<\/strong><\/div>\n<div class=\"clbo\">Nowadays, when you visit websites, certain information is automatically created and stored, such as on this website.<\/div>\n<p>&nbsp;<\/p>\n<div class=\"clbo\">When you visit our website as you are doing right now, our web server (computer on which this website is stored) automatically stores data such as<\/div>\n<p>&nbsp;<\/p>\n<div class=\"clbo\">- the address (URL) of the accessed web page<\/div>\n<div class=\"clbo\">- Browser and browser version<\/div>\n<div class=\"clbo\">- the operating system used<\/div>\n<div class=\"clbo\">- the address (URL) of the previously visited page (referrer URL)<\/div>\n<div class=\"clbo\">- the hostname and IP address of the device from which the access is made<\/div>\n<div class=\"clbo\">- Date and time<\/div>\n<p>&nbsp;<\/p>\n<div class=\"clbo\">in files (web server log files).<\/div>\n<p>&nbsp;<\/p>\n<div class=\"clbo\">As a rule, web server log files are stored for two weeks and then automatically deleted. We do not pass on this data, but cannot rule out the possibility that this data may be reviewed in the event of unlawful behavior.<\/div>\n<div class=\"clbo\">The legal basis, according to Article 6(1) f DSGVO (lawfulness of processing), is that there is legitimate interest in enabling the error-free operation of this website by collecting web server log files.<\/div>\n<p>&nbsp;<\/p>\n<div class=\"clbo\"><strong>Cookies<\/strong><\/div>\n<div class=\"clbo\">Our website uses HTTP cookies to store user-specific data.<\/div>\n<div class=\"clbo\">Below we explain what cookies are and why they are used so that you can better understand the following privacy policy.<\/div>\n<p>&nbsp;<\/p>\n<div class=\"clbo\">What exactly are cookies?<\/div>\n<div class=\"clbo\">Whenever you browse the Internet, you use a browser. Popular browsers include Chrome, Safari, Firefox, Internet Explorer, and Microsoft Edge. Most websites store small text files in your browser. These files are called cookies.<\/div>\n<p>&nbsp;<\/p>\n<div class=\"clbo\">One thing cannot be denied: Cookies are really useful little helpers. Almost all websites use cookies. More precisely, they are HTTP cookies, as there are other cookies for other applications. HTTP cookies are small files that are stored on your computer by our website. These cookie files are automatically placed in the cookie folder, effectively the \"brain\" of your browser. A cookie consists of a name and a value. When defining a cookie, one or more attributes must also be specified.<\/div>\n<p>&nbsp;<\/p>\n<div class=\"clbo\">Cookies store certain user data about you, such as language or personal page settings. When you return to our site, your browser transmits the \"user-related\" information back to our site. Thanks to cookies, our site knows who you are and offers you your usual default setting. In some browsers, each cookie has its own file; in others, such as Firefox, all cookies are stored in a single file.<\/div>\n<p>&nbsp;<\/p>\n<div class=\"clbo\">There are both first-party cookies and third-party cookies. First-party cookies are created directly by our site, third-party cookies are created by partner websites (e.g. Google Analytics - which we do not use!). Each cookie must be evaluated individually, as each cookie stores different data. Also, the expiration time of a cookie varies from a few minutes to a few years. Cookies are not software programs and do not contain viruses, Trojans, or other \"pests\". Cookies also cannot access information on your PC.<\/div>\n<p>&nbsp;<\/p>\n<div class=\"clbo\">For example, cookie data may look like this:<\/div>\n<p>&nbsp;<\/p>\n<div class=\"clbo\">Name: _ga<\/div>\n<div class=\"clbo\">Expiration time: 2 years<\/div>\n<div class=\"clbo\">Usage: differentiation of website visitors<\/div>\n<div class=\"clbo\">Example value: GA1.2.1326744211.152311141461<\/div>\n<div class=\"clbo\">A browser should support the following minimum requirements:<\/div>\n<p>&nbsp;<\/p>\n<div class=\"clbo\">A cookie should be able to contain at least 4096 bytes<\/div>\n<div class=\"clbo\">At least 50 cookies should be able to be stored per domain<\/div>\n<div class=\"clbo\">A total of at least 3000 cookies should be able to be stored<\/div>\n<p>&nbsp;<\/p>\n<div class=\"clbo\"><strong>What types of cookies are there?<\/strong><\/div>\n<div class=\"clbo\">The question of which cookies we use in particular depends on the services used and is clarified in the following sections of the privacy policy. At this point, we would like to briefly discuss the different types of HTTP cookies.<\/div>\n<p>&nbsp;<\/p>\n<div class=\"clbo\">One can distinguish 4 types of cookies:<\/div>\n<p>&nbsp;<\/p>\n<div class=\"clbo\"><em class=\"\">Essential cookies<\/em><\/div>\n<div class=\"clbo\">These cookies are necessary to ensure the basic functions of the website. For example, these cookies are needed when a user adds a product to the shopping cart, then continues surfing on other pages, and later goes to the checkout. Through these cookies, the shopping cart is not deleted even if the user closes his browser window.<\/div>\n<p>&nbsp;<\/p>\n<div class=\"clbo\"><em class=\"\">Functional cookies<\/em><\/div>\n<div class=\"clbo\">These cookies collect information about user behavior and whether the user receives any error messages. In addition, these cookies are also used to measure the loading time and the behavior of the website with different browsers.<\/div>\n<p>&nbsp;<\/p>\n<div class=\"clbo\"><em class=\"\">Performance cookies<\/em><\/div>\n<div class=\"clbo\">These cookies provide a better user experience. For example, entered locations, font sizes or form data are stored.<\/div>\n<p>&nbsp;<\/p>\n<div class=\"clbo\"><em class=\"\">Advertising cookies<\/em><\/div>\n<div class=\"clbo\">These cookies are also called targeting cookies. They are used to deliver customized advertising to the user. This can be very convenient, but also very annoying.<\/div>\n<p>&nbsp;<\/p>\n<div class=\"clbo\">Usually, when you visit a website for the first time, you are asked which of these cookie types you want to allow. And, of course, this decision is also stored in a cookie.<\/div>\n<p>&nbsp;<\/p>\n<div class=\"clbo\"><strong>How can I delete cookies?<\/strong><\/div>\n<div class=\"clbo\">You decide how and whether you want to use cookies. Regardless of which service or website the cookies come from, you always have the option to delete, only partially allow or disable cookies. For example, you can block third-party cookies, but allow all other cookies.<\/div>\n<p>&nbsp;<\/p>\n<div class=\"clbo\">If you want to determine which cookies have been stored in your browser, if you want to change or delete cookie settings, you can find this in your browser settings:<\/div>\n<p>&nbsp;<\/p>\n<div class=\"clbo\"><a class=\"\" href=\"https:\/\/support.google.com\/chrome\/answer\/95647?tid=311141461\" target=\"_blank\" rel=\"noopener\">Chrome: Delete, enable and manage cookies in Chrome<\/a><\/div>\n<p>&nbsp;<\/p>\n<div class=\"clbo\"><a class=\"\" href=\"https:\/\/support.apple.com\/de-at\/guide\/safari\/sfri11471\/mac?tid=311141461\" target=\"_blank\" rel=\"noopener\">Safari: Managing cookies and website data with Safari<\/a><\/div>\n<p>&nbsp;<\/p>\n<div class=\"clbo\"><a class=\"\" href=\"https:\/\/support.mozilla.org\/de\/kb\/cookies-und-website-daten-in-firefox-loschen?tid=311141461\" target=\"_blank\" rel=\"noopener\">Firefox: Delete cookies to remove data that websites have placed on your computer<\/a><\/div>\n<p>&nbsp;<\/p>\n<div class=\"clbo\"><a class=\"\" href=\"https:\/\/support.microsoft.com\/de-at\/help\/17442\/windows-internet-explorer-delete-manage-cookies?tid=311141461\" target=\"_blank\" rel=\"noopener\">Internet Explorer: Delete and manage cookies<\/a><\/div>\n<p>&nbsp;<\/p>\n<div class=\"clbo\"><a class=\"\" href=\"https:\/\/support.microsoft.com\/de-at\/help\/4027947\/windows-delete-cookies?tid=311141461\" target=\"_blank\" rel=\"noopener\">Microsoft Edge: Delete and manage cookies<\/a><\/div>\n<p>&nbsp;<\/p>\n<div class=\"clbo\">If you do not want to have cookies in principle, you can set up your browser so that it always informs you when a cookie is to be set. In this way, you can decide for each individual cookie whether you allow the cookie or not. The procedure varies depending on the browser. The best way is to search for the instructions in Google with the search term \"delete cookies Chrome\" or \"disable cookies Chrome\" in case of a Chrome browser or replace the word \"Chrome\" with the name of your browser, e.g. Edge, Firefox, Safari.<\/div>\n<p>&nbsp;<\/p>\n<div class=\"clbo\"><strong>What about my data privacy?<\/strong><\/div>\n<div class=\"clbo\">The so-called \"Cookie Guidelines\" have been in place since 2009. These state that the storage of cookies requires the consent of the website visitor (i.e. you). Within the EU countries, however, there are still very different reactions to these guidelines. In Germany, the Cookie Directives have not been implemented as national law. Instead, this directive was largely implemented in Section 15 (3) of the German Telemedia Act (TMG).<\/div>\n<p>&nbsp;<\/p>\n<div class=\"clbo\">If you want to know more about cookies and are not afraid of technical documentation, we recommend https:\/\/tools.ietf.org\/html\/rfc6265, the Internet Engineering Task Force (IETF) Request for Comments called \"HTTP State Management Mechanism\".<\/div>\n<p>&nbsp;<\/p>\n<div class=\"clbo\"><strong>Storage of personal data<\/strong><\/div>\n<div class=\"clbo\">Personal data that you transmit to us electronically on this website, such as name, e-mail address, address, or other personal information in the context of submitting a form or comments on the blog, will be used by us together with the time and IP address only for the purpose stated in each case, kept secure and not disclosed to third parties.<\/div>\n<p>&nbsp;<\/p>\n<div class=\"clbo\">We thus use your personal data only for communication with visitors who expressly request contact and for processing the services and products offered on this website. We do not disclose your personal data without consent, but we cannot exclude the possibility that this data may be viewed in the event of unlawful conduct.<\/div>\n<p>&nbsp;<\/p>\n<div class=\"clbo\">If you send us personal data by e-mail - thus outside of this website - we cannot guarantee secure transmission and protection of your data. We recommend that you never send confidential data by e-mail without encryption.<\/div>\n<p>&nbsp;<\/p>\n<div class=\"clbo\">According to Article 6 (1) a DSGVO (lawfulness of processing), the legal basis is that you give us consent to process the data you have entered. You can revoke this consent at any time - an informal e-mail is sufficient, you will find our contact details in the imprint.<\/div>\n<p>&nbsp;<\/p>\n<div class=\"clbo\"><strong>Rights under the General Data Protection Regulation<\/strong><\/div>\n<div class=\"clbo\">According to the provisions of the GDPR, you are generally entitled to the following rights:<\/div>\n<p>&nbsp;<\/p>\n<div class=\"clbo\">- Right of rectification (Article 16 GDPR)<\/div>\n<div class=\"clbo\">- Right to erasure (\"right to be forgotten\") (Article 17 GDPR)<\/div>\n<div class=\"clbo\">- Right to restriction of processing (Article 18 DSGVO)<\/div>\n<div class=\"clbo\">- Right to notification - obligation to notify in connection with the rectification or erasure of personal data or the restriction of processing (Article 19 GDPR)<\/div>\n<div class=\"clbo\">- Right to data portability (Article 20 GDPR)<\/div>\n<div class=\"clbo\">Right to object (Article 21 DSGVO)<\/div>\n<div class=\"clbo\">- Right not to be subject to a decision based solely on automated processing, including profiling (Article 22 GDPR)<\/div>\n<p>&nbsp;<\/p>\n<div class=\"clbo\">If you believe that the processing of your data violates data protection law or your data protection rights have otherwise been violated in any way, you can contact the <a class=\"\" href=\"https:\/\/www.bfdi.bund.de\/DE\/Datenschutz\/Ueberblick\/MeineRechte\/Artikel\/BeschwerdeBeiDatenschutzbehoereden.html?tid=311141461\" target=\"_blank\" rel=\"noopener\">Federal Commissioner for Data Protection and Freedom of Information (Bundesbeauftragte f\u00fcr den Datenschutz und die Informationsfreiheit(BfDI))<\/a> .<\/div>\n<p>&nbsp;<\/p>\n<div class=\"clbo\"><strong>Evaluation of visitor behavior<\/strong><\/div>\n<div class=\"clbo\">In the following privacy policy, we inform you whether and how we evaluate data from your visit to this website. The evaluation of the collected data is usually anonymous and we can not conclude from your behavior on this website to your person.<\/div>\n<p>&nbsp;<\/p>\n<div class=\"clbo\">You can find out more about how to object to this analysis of visit data in the following data protection declaration.<\/div>\n<p>&nbsp;<\/p>\n<div class=\"clbo\"><strong>TLS encryption with https<\/strong><\/div>\n<div>We use https to transmit data tap-proof on the Internet (data protection by design of technology Article 25(1) DSGVO). By using TLS (Transport Layer Security), an encryption protocol for secure data transmission on the Internet, we can ensure the protection of confidential data. You can recognize the use of this protection of data transmission by the small lock symbol at the top left of the browser and the use of the scheme https (instead of http) as part of our Internet address.<\/div>\n<p>&nbsp;<\/p>\n<div class=\"clbo\">OWA Privacy Policy<\/div>\n<div class=\"clbo\">This website uses <a class=\"\" href=\"http:\/\/www.openwebanalytics.com\/\" target=\"_blank\" rel=\"noopener\">Open Web Analytics<\/a> (OWA), an open source web analytics software licensed under the GPL. OWA was created by Peter Adams.<\/div>\n<p>&nbsp;<\/p>\n<div class=\"clbo\">For this purpose, OWA sets cookies on the device. These enable an analysis of website usage. The information collected in this process is usually recorded on our server in Germany - including the IP address. Only we have access to this information. No data is passed on to third parties.<\/div>\n<div class=\"clbo\">We use the collected information to evaluate the use of our websites and to create corresponding reports.<\/div>\n<p>&nbsp;<\/p>\n<div class=\"clbo\">The processing of the data is based on Art. 6 para. 1 UAbs. 1 letter f) DSGVO with a legitimate interest in improving this website offer.<\/div>\n<div class=\"clbo\">The setting of the Analytics cookie can be prevented by setting the browser to reject all cookies. However, this may affect the usability of this website.<\/div>\n<p>&nbsp;<\/p>\n<div class=\"clbo\">Source: Created with the <a class=\"\" href=\"https:\/\/www.adsimple.de\/datenschutz-generator\/\" target=\"_blank\" rel=\"noopener\"> Privacy policy generator (Datenschutz-Generator)<\/a> from AdSimple.<\/div>\n<\/div><div class=\"eut-element eut-text\"><p>Translated to English by Kai Niethammer<\/p>\n<\/div><div class=\"eut-element eut-hr\" style=\"padding-top: 32px;padding-bottom: 32px;\"><div class=\"eut-line-divider\"><\/div><\/div><\/div><\/div><div class=\"eut-bg-wrapper\"><\/div><\/div>","protected":false},"excerpt":{"rendered":"Datenschutzerkl\u00e4rungDatenschutz Wir haben diese Datenschutzerkl\u00e4rung (Fassung 09.01.2020-311141461) verfasst, um Ihnen gem\u00e4\u00df der Vorgaben der Datenschutz-Grundverordnung (EU) 2016\/679 zu erkl\u00e4ren, welche Informationen wir sammeln, wie wir Daten verwenden und welche Entscheidungsm\u00f6glichkeiten Sie als Besucher dieser Webseite haben. &nbsp; Leider liegt es in der Natur der Sache, dass diese Erkl\u00e4rungen sehr technisch klingen, wir haben uns bei [...]","protected":false},"author":2,"featured_media":0,"parent":0,"menu_order":0,"comment_status":"closed","ping_status":"closed","template":"","meta":{"footnotes":""},"class_list":["post-6500","page","type-page","status-publish","hentry"],"yoast_head":"<!-- This site is optimized with the Yoast SEO plugin v27.5 - https:\/\/yoast.com\/product\/yoast-seo-wordpress\/ -->\n<title>Datenschutzerkl\u00e4rung - Kai Niethammer Learning Consultant<\/title>\n<meta name=\"robots\" content=\"index, follow, max-snippet:-1, max-image-preview:large, max-video-preview:-1\" \/>\n<link rel=\"canonical\" href=\"https:\/\/learningconsultant.de\/en\/datenschutzerklaerung\/\" \/>\n<meta property=\"og:locale\" content=\"en_US\" \/>\n<meta property=\"og:type\" content=\"article\" \/>\n<meta property=\"og:title\" content=\"Datenschutzerkl\u00e4rung - Kai Niethammer Learning Consultant\" \/>\n<meta property=\"og:url\" content=\"https:\/\/learningconsultant.de\/en\/datenschutzerklaerung\/\" \/>\n<meta property=\"og:site_name\" content=\"Kai Niethammer Learning Consultant\" \/>\n<meta property=\"article:modified_time\" content=\"2023-07-11T16:03:46+00:00\" \/>\n<meta name=\"twitter:card\" content=\"summary_large_image\" \/>\n<meta name=\"twitter:label1\" content=\"Est. reading time\" \/>\n\t<meta name=\"twitter:data1\" content=\"8 minutes\" \/>\n<script type=\"application\/ld+json\" class=\"yoast-schema-graph\">{\"@context\":\"https:\\\/\\\/schema.org\",\"@graph\":[{\"@type\":\"WebPage\",\"@id\":\"https:\\\/\\\/learningconsultant.de\\\/datenschutzerklaerung\\\/\",\"url\":\"https:\\\/\\\/learningconsultant.de\\\/datenschutzerklaerung\\\/\",\"name\":\"Datenschutzerkl\u00e4rung - Kai Niethammer Learning Consultant\",\"isPartOf\":{\"@id\":\"https:\\\/\\\/learningconsultant.de\\\/#website\"},\"datePublished\":\"2021-05-14T11:07:08+00:00\",\"dateModified\":\"2023-07-11T16:03:46+00:00\",\"breadcrumb\":{\"@id\":\"https:\\\/\\\/learningconsultant.de\\\/datenschutzerklaerung\\\/#breadcrumb\"},\"inLanguage\":\"en-US\",\"potentialAction\":[{\"@type\":\"ReadAction\",\"target\":[\"https:\\\/\\\/learningconsultant.de\\\/datenschutzerklaerung\\\/\"]}]},{\"@type\":\"BreadcrumbList\",\"@id\":\"https:\\\/\\\/learningconsultant.de\\\/datenschutzerklaerung\\\/#breadcrumb\",\"itemListElement\":[{\"@type\":\"ListItem\",\"position\":1,\"name\":\"Startseite\",\"item\":\"https:\\\/\\\/learningconsultant.de\\\/\"},{\"@type\":\"ListItem\",\"position\":2,\"name\":\"Datenschutzerkl\u00e4rung\"}]},{\"@type\":\"WebSite\",\"@id\":\"https:\\\/\\\/learningconsultant.de\\\/#website\",\"url\":\"https:\\\/\\\/learningconsultant.de\\\/\",\"name\":\"Kai Niethammer Learning Consultant\",\"description\":\"Digital und Blended Learning Consultant\",\"publisher\":{\"@id\":\"https:\\\/\\\/learningconsultant.de\\\/#organization\"},\"potentialAction\":[{\"@type\":\"SearchAction\",\"target\":{\"@type\":\"EntryPoint\",\"urlTemplate\":\"https:\\\/\\\/learningconsultant.de\\\/?s={search_term_string}\"},\"query-input\":{\"@type\":\"PropertyValueSpecification\",\"valueRequired\":true,\"valueName\":\"search_term_string\"}}],\"inLanguage\":\"en-US\"},{\"@type\":\"Organization\",\"@id\":\"https:\\\/\\\/learningconsultant.de\\\/#organization\",\"name\":\"Kai Niethammer Learning Consultant\",\"url\":\"https:\\\/\\\/learningconsultant.de\\\/\",\"logo\":{\"@type\":\"ImageObject\",\"inLanguage\":\"en-US\",\"@id\":\"https:\\\/\\\/learningconsultant.de\\\/#\\\/schema\\\/logo\\\/image\\\/\",\"url\":\"https:\\\/\\\/learningconsultant.de\\\/wp-content\\\/uploads\\\/2021\\\/01\\\/Learning-Consultant_narrow.png\",\"contentUrl\":\"https:\\\/\\\/learningconsultant.de\\\/wp-content\\\/uploads\\\/2021\\\/01\\\/Learning-Consultant_narrow.png\",\"width\":2000,\"height\":750,\"caption\":\"Kai Niethammer Learning Consultant\"},\"image\":{\"@id\":\"https:\\\/\\\/learningconsultant.de\\\/#\\\/schema\\\/logo\\\/image\\\/\"},\"sameAs\":[\"https:\\\/\\\/www.linkedin.com\\\/in\\\/kai-niethammer\\\/\"]}]}<\/script>\n<!-- \/ Yoast SEO plugin. -->","yoast_head_json":{"title":"Datenschutzerkl\u00e4rung - Kai Niethammer Learning Consultant","robots":{"index":"index","follow":"follow","max-snippet":"max-snippet:-1","max-image-preview":"max-image-preview:large","max-video-preview":"max-video-preview:-1"},"canonical":"https:\/\/learningconsultant.de\/en\/datenschutzerklaerung\/","og_locale":"en_US","og_type":"article","og_title":"Datenschutzerkl\u00e4rung - Kai Niethammer Learning Consultant","og_url":"https:\/\/learningconsultant.de\/en\/datenschutzerklaerung\/","og_site_name":"Kai Niethammer Learning Consultant","article_modified_time":"2023-07-11T16:03:46+00:00","twitter_card":"summary_large_image","twitter_misc":{"Est. reading time":"8 minutes"},"schema":{"@context":"https:\/\/schema.org","@graph":[{"@type":"WebPage","@id":"https:\/\/learningconsultant.de\/datenschutzerklaerung\/","url":"https:\/\/learningconsultant.de\/datenschutzerklaerung\/","name":"Datenschutzerkl\u00e4rung - Kai Niethammer Learning Consultant","isPartOf":{"@id":"https:\/\/learningconsultant.de\/#website"},"datePublished":"2021-05-14T11:07:08+00:00","dateModified":"2023-07-11T16:03:46+00:00","breadcrumb":{"@id":"https:\/\/learningconsultant.de\/datenschutzerklaerung\/#breadcrumb"},"inLanguage":"en-US","potentialAction":[{"@type":"ReadAction","target":["https:\/\/learningconsultant.de\/datenschutzerklaerung\/"]}]},{"@type":"BreadcrumbList","@id":"https:\/\/learningconsultant.de\/datenschutzerklaerung\/#breadcrumb","itemListElement":[{"@type":"ListItem","position":1,"name":"Startseite","item":"https:\/\/learningconsultant.de\/"},{"@type":"ListItem","position":2,"name":"Datenschutzerkl\u00e4rung"}]},{"@type":"WebSite","@id":"https:\/\/learningconsultant.de\/#website","url":"https:\/\/learningconsultant.de\/","name":"Kai Niethammer Learning Consultant","description":"Digital and Blended Learning Consultant","publisher":{"@id":"https:\/\/learningconsultant.de\/#organization"},"potentialAction":[{"@type":"SearchAction","target":{"@type":"EntryPoint","urlTemplate":"https:\/\/learningconsultant.de\/?s={search_term_string}"},"query-input":{"@type":"PropertyValueSpecification","valueRequired":true,"valueName":"search_term_string"}}],"inLanguage":"en-US"},{"@type":"Organization","@id":"https:\/\/learningconsultant.de\/#organization","name":"Kai Niethammer Learning Consultant","url":"https:\/\/learningconsultant.de\/","logo":{"@type":"ImageObject","inLanguage":"en-US","@id":"https:\/\/learningconsultant.de\/#\/schema\/logo\/image\/","url":"https:\/\/learningconsultant.de\/wp-content\/uploads\/2021\/01\/Learning-Consultant_narrow.png","contentUrl":"https:\/\/learningconsultant.de\/wp-content\/uploads\/2021\/01\/Learning-Consultant_narrow.png","width":2000,"height":750,"caption":"Kai Niethammer Learning Consultant"},"image":{"@id":"https:\/\/learningconsultant.de\/#\/schema\/logo\/image\/"},"sameAs":["https:\/\/www.linkedin.com\/in\/kai-niethammer\/"]}]}},"_links":{"self":[{"href":"https:\/\/learningconsultant.de\/en\/wp-json\/wp\/v2\/pages\/6500","targetHints":{"allow":["GET"]}}],"collection":[{"href":"https:\/\/learningconsultant.de\/en\/wp-json\/wp\/v2\/pages"}],"about":[{"href":"https:\/\/learningconsultant.de\/en\/wp-json\/wp\/v2\/types\/page"}],"author":[{"embeddable":true,"href":"https:\/\/learningconsultant.de\/en\/wp-json\/wp\/v2\/users\/2"}],"replies":[{"embeddable":true,"href":"https:\/\/learningconsultant.de\/en\/wp-json\/wp\/v2\/comments?post=6500"}],"version-history":[{"count":10,"href":"https:\/\/learningconsultant.de\/en\/wp-json\/wp\/v2\/pages\/6500\/revisions"}],"predecessor-version":[{"id":6828,"href":"https:\/\/learningconsultant.de\/en\/wp-json\/wp\/v2\/pages\/6500\/revisions\/6828"}],"wp:attachment":[{"href":"https:\/\/learningconsultant.de\/en\/wp-json\/wp\/v2\/media?parent=6500"}],"curies":[{"name":"wp","href":"https:\/\/api.w.org\/{rel}","templated":true}]}}